{"id":2,"date":"2023-02-07T15:42:30","date_gmt":"2023-02-07T15:42:30","guid":{"rendered":"http:\/\/bestarruza.eu\/?page_id=2"},"modified":"2025-11-05T11:47:29","modified_gmt":"2025-11-05T09:47:29","slug":"contacto","status":"publish","type":"page","link":"https:\/\/bestarruza.eu\/gl\/inicio\/contacto\/","title":{"rendered":"Localizaci\u00f3n e contacto"},"content":{"rendered":"<div data-elementor-type=\"wp-page\" data-elementor-id=\"2\" class=\"elementor elementor-2\">\n\t\t\t\t\t\t<section class=\"elementor-section elementor-top-section elementor-element elementor-element-d0557cc elementor-section-boxed elementor-section-height-default elementor-section-height-default\" data-id=\"d0557cc\" data-element_type=\"section\">\n\t\t\t\t\t\t<div class=\"elementor-container elementor-column-gap-default\">\n\t\t\t\t\t<div class=\"elementor-column elementor-col-50 elementor-top-column elementor-element elementor-element-08815e2\" data-id=\"08815e2\" data-element_type=\"column\">\n\t\t\t<div class=\"elementor-widget-wrap elementor-element-populated\">\n\t\t\t\t\t\t<div class=\"elementor-element elementor-element-87d3bd1 elementor-widget elementor-widget-google_maps\" data-id=\"87d3bd1\" data-element_type=\"widget\" data-settings=\"{&quot;_animation&quot;:&quot;none&quot;}\" data-widget_type=\"google_maps.default\">\n\t\t\t\t<div class=\"elementor-widget-container\">\n\t\t\t\t\t\t\t<div class=\"elementor-custom-embed\">\n\t\t\t<iframe loading=\"lazy\"\n\t\t\t\t\tsrc=\"https:\/\/maps.google.com\/maps?q=avenida%20mar%2C%2017%20Mugardos&#038;t=m&#038;z=15&#038;output=embed&#038;iwloc=near\"\n\t\t\t\t\ttitle=\"avenida mar, 17 Mugardos\"\n\t\t\t\t\taria-label=\"avenida mar, 17 Mugardos\"\n\t\t\t><\/iframe>\n\t\t<\/div>\n\t\t\t\t\t\t<\/div>\n\t\t\t\t<\/div>\n\t\t\t\t\t<\/div>\n\t\t<\/div>\n\t\t\t\t<div class=\"elementor-column elementor-col-50 elementor-top-column elementor-element elementor-element-fd037e2\" data-id=\"fd037e2\" data-element_type=\"column\">\n\t\t\t<div class=\"elementor-widget-wrap elementor-element-populated\">\n\t\t\t\t\t\t<div class=\"elementor-element elementor-element-a94e21a elementor-widget elementor-widget-heading\" data-id=\"a94e21a\" data-element_type=\"widget\" data-widget_type=\"heading.default\">\n\t\t\t\t<div class=\"elementor-widget-container\">\n\t\t\t\t\t<h2 class=\"elementor-heading-title elementor-size-large\">Estamos a t\u00faa disposici\u00f3n<\/h2>\t\t\t\t<\/div>\n\t\t\t\t<\/div>\n\t\t\t\t<div class=\"elementor-element elementor-element-4f679f3 elementor-invisible elementor-widget elementor-widget-shortcode\" data-id=\"4f679f3\" data-element_type=\"widget\" data-settings=\"{&quot;_animation&quot;:&quot;slideInLeft&quot;}\" data-widget_type=\"shortcode.default\">\n\t\t\t\t<div class=\"elementor-widget-container\">\n\t\t\t\t\t\t\t<div class=\"elementor-shortcode\">\n<div class=\"wpcf7 no-js\" id=\"wpcf7-f118-o1\" lang=\"es-ES\" dir=\"ltr\" data-wpcf7-id=\"118\">\n<div class=\"screen-reader-response\"><p role=\"status\" aria-live=\"polite\" aria-atomic=\"true\"><\/p> <ul><\/ul><\/div>\n<form action=\"\/gl\/wp-json\/wp\/v2\/pages\/2#wpcf7-f118-o1\" method=\"post\" class=\"wpcf7-form init\" aria-label=\"Formulario de contacto\" novalidate=\"novalidate\" data-status=\"init\" data-trp-original-action=\"\/gl\/wp-json\/wp\/v2\/pages\/2#wpcf7-f118-o1\">\n<fieldset class=\"hidden-fields-container\"><input type=\"hidden\" name=\"_wpcf7\" value=\"118\" \/><input type=\"hidden\" name=\"_wpcf7_version\" value=\"6.1.4\" \/><input type=\"hidden\" name=\"_wpcf7_locale\" value=\"es_ES\" \/><input type=\"hidden\" name=\"_wpcf7_unit_tag\" value=\"wpcf7-f118-o1\" \/><input type=\"hidden\" name=\"_wpcf7_container_post\" value=\"0\" \/><input type=\"hidden\" name=\"_wpcf7_posted_data_hash\" value=\"\" \/>\n<\/fieldset>\n<p><label> O teu nome<br \/>\n<span class=\"wpcf7-form-control-wrap\" data-name=\"your-name\"><input size=\"40\" maxlength=\"400\" class=\"wpcf7-form-control wpcf7-text wpcf7-validates-as-required\" autocomplete=\"name\" aria-required=\"true\" aria-invalid=\"false\" value=\"\" type=\"text\" name=\"your-name\" \/><\/span> <\/label>\n<\/p>\n<p><label> O teu correo electr\u00f3nico<br \/>\n<span class=\"wpcf7-form-control-wrap\" data-name=\"your-email\"><input size=\"40\" maxlength=\"400\" class=\"wpcf7-form-control wpcf7-email wpcf7-validates-as-required wpcf7-text wpcf7-validates-as-email\" autocomplete=\"email\" aria-required=\"true\" aria-invalid=\"false\" value=\"\" type=\"email\" name=\"your-email\" \/><\/span> <\/label>\n<\/p>\n<p><label> Asunto<br \/>\n<span class=\"wpcf7-form-control-wrap\" data-name=\"your-subject\"><input size=\"40\" maxlength=\"400\" class=\"wpcf7-form-control wpcf7-text wpcf7-validates-as-required\" aria-required=\"true\" aria-invalid=\"false\" value=\"\" type=\"text\" name=\"your-subject\" \/><\/span> <\/label>\n<\/p>\n<p><label> A t\u00faa mensaxe<br \/>\n<span class=\"wpcf7-form-control-wrap\" data-name=\"your-message\"><textarea cols=\"40\" rows=\"10\" maxlength=\"2000\" class=\"wpcf7-form-control wpcf7-textarea\" aria-invalid=\"false\" name=\"your-message\"><\/textarea><\/span> <\/label>\n<\/p>\n<p><input class=\"wpcf7-form-control wpcf7-submit has-spinner\" type=\"submit\" value=\"Enviar\" \/>\n<\/p><div class=\"wpcf7-response-output\" aria-hidden=\"true\"><\/div>\n<input type=\"hidden\" name=\"trp-form-language\" value=\"gl\"\/><\/form>\n<\/div>\n<\/div>\n\t\t\t\t\t\t<\/div>\n\t\t\t\t<\/div>\n\t\t\t\t\t<\/div>\n\t\t<\/div>\n\t\t\t\t\t<\/div>\n\t\t<\/section>\n\t\t\t\t<section class=\"elementor-section elementor-top-section elementor-element elementor-element-c622b8d elementor-section-boxed elementor-section-height-default elementor-section-height-default\" data-id=\"c622b8d\" data-element_type=\"section\">\n\t\t\t\t\t\t<div class=\"elementor-container elementor-column-gap-default\">\n\t\t\t\t\t<div class=\"elementor-column elementor-col-50 elementor-top-column elementor-element elementor-element-e32f800\" data-id=\"e32f800\" data-element_type=\"column\">\n\t\t\t<div class=\"elementor-widget-wrap elementor-element-populated\">\n\t\t\t\t\t\t<div class=\"elementor-element elementor-element-5d7f8b8 elementor-widget__width-initial elementor-widget elementor-widget-text-editor\" data-id=\"5d7f8b8\" data-element_type=\"widget\" data-widget_type=\"text-editor.default\">\n\t\t\t\t<div class=\"elementor-widget-container\">\n\t\t\t\t\t\t\t\t\t<h3 style=\"text-align: left;\">Avenida do Mar, 17<br \/>15620 Mugardos (A Coru\u00f1a)<\/h3>\t\t\t\t\t\t\t\t<\/div>\n\t\t\t\t<\/div>\n\t\t\t\t\t<\/div>\n\t\t<\/div>\n\t\t\t\t<div class=\"elementor-column elementor-col-50 elementor-top-column elementor-element elementor-element-c42684b\" data-id=\"c42684b\" data-element_type=\"column\">\n\t\t\t<div class=\"elementor-widget-wrap elementor-element-populated\">\n\t\t\t\t\t\t<div class=\"elementor-element elementor-element-fe76a5d elementor-widget__width-initial elementor-widget elementor-widget-text-editor\" data-id=\"fe76a5d\" data-element_type=\"widget\" data-widget_type=\"text-editor.default\">\n\t\t\t\t<div class=\"elementor-widget-container\">\n\t\t\t\t\t\t\t\t\t<h3>+34 <a href=\"tel:696 001 144\">660 025 404<\/a><br \/><a href=\"mailto:info@bestarruza.gal\">info@bestarruza.gal<\/a><\/h3>\t\t\t\t\t\t\t\t<\/div>\n\t\t\t\t<\/div>\n\t\t\t\t\t<\/div>\n\t\t<\/div>\n\t\t\t\t\t<\/div>\n\t\t<\/section>\n\t\t\t\t<\/div>","protected":false},"excerpt":{"rendered":"<p>Estamos a tu disposici\u00f3n Avenida do Mar, 1715620 Mugardos (A Coru\u00f1a) +34 660 025 404info@bestarruza.gal<\/p>","protected":false},"author":1,"featured_media":0,"parent":10,"menu_order":7,"comment_status":"closed","ping_status":"closed","template":"","meta":{"_monsterinsights_skip_tracking":false,"_monsterinsights_sitenote_active":false,"_monsterinsights_sitenote_note":"","_monsterinsights_sitenote_category":0,"footnotes":""},"class_list":["post-2","page","type-page","status-publish","hentry"],"aioseo_notices":[],"yoast_head":"<!-- This site is optimized with the Yoast SEO plugin v26.8 - https:\/\/yoast.com\/product\/yoast-seo-wordpress\/ -->\n<title>Localizaci\u00f3n y contacto - Bestarruza - Apartamentos tur\u00edsticos<\/title>\n<meta name=\"robots\" content=\"index, follow, max-snippet:-1, max-image-preview:large, max-video-preview:-1\" \/>\n<link rel=\"canonical\" href=\"https:\/\/bestarruza.eu\/gl\/inicio\/contacto\/\" \/>\n<meta property=\"og:locale\" content=\"gl_ES\" \/>\n<meta property=\"og:type\" content=\"article\" \/>\n<meta property=\"og:title\" content=\"Localizaci\u00f3n y contacto - Bestarruza - Apartamentos tur\u00edsticos\" \/>\n<meta property=\"og:description\" content=\"Estamos a tu disposici\u00f3n Avenida do Mar, 1715620 Mugardos (A Coru\u00f1a) +34 660 025 404info@bestarruza.gal\" \/>\n<meta property=\"og:url\" content=\"https:\/\/bestarruza.eu\/gl\/inicio\/contacto\/\" \/>\n<meta property=\"og:site_name\" content=\"Bestarruza - Apartamentos tur\u00edsticos\" \/>\n<meta property=\"article:modified_time\" content=\"2025-11-05T09:47:29+00:00\" \/>\n<meta name=\"twitter:card\" content=\"summary_large_image\" \/>\n<meta name=\"twitter:label1\" content=\"Tempo de lectura\" \/>\n\t<meta name=\"twitter:data1\" content=\"1 minuto\" \/>\n<script type=\"application\/ld+json\" class=\"yoast-schema-graph\">{\"@context\":\"https:\/\/schema.org\",\"@graph\":[{\"@type\":\"WebPage\",\"@id\":\"https:\/\/bestarruza.eu\/inicio\/contacto\/\",\"url\":\"https:\/\/bestarruza.eu\/inicio\/contacto\/\",\"name\":\"Localizaci\u00f3n y contacto - Bestarruza - Apartamentos tur\u00edsticos\",\"isPartOf\":{\"@id\":\"https:\/\/bestarruza.eu\/#website\"},\"datePublished\":\"2023-02-07T15:42:30+00:00\",\"dateModified\":\"2025-11-05T09:47:29+00:00\",\"breadcrumb\":{\"@id\":\"https:\/\/bestarruza.eu\/inicio\/contacto\/#breadcrumb\"},\"inLanguage\":\"gl-ES\",\"potentialAction\":[{\"@type\":\"ReadAction\",\"target\":[\"https:\/\/bestarruza.eu\/inicio\/contacto\/\"]}]},{\"@type\":\"BreadcrumbList\",\"@id\":\"https:\/\/bestarruza.eu\/inicio\/contacto\/#breadcrumb\",\"itemListElement\":[{\"@type\":\"ListItem\",\"position\":1,\"name\":\"Portada\",\"item\":\"https:\/\/bestarruza.eu\/\"},{\"@type\":\"ListItem\",\"position\":2,\"name\":\"Inicio\",\"item\":\"https:\/\/bestarruza.eu\/\"},{\"@type\":\"ListItem\",\"position\":3,\"name\":\"Localizaci\u00f3n y contacto\"}]},{\"@type\":\"WebSite\",\"@id\":\"https:\/\/bestarruza.eu\/#website\",\"url\":\"https:\/\/bestarruza.eu\/\",\"name\":\"Bestarruza - Apartamentos tur\u00edsticos\",\"description\":\"Apartamentos tur\u00edsticos en Mugardos\",\"publisher\":{\"@id\":\"https:\/\/bestarruza.eu\/#organization\"},\"potentialAction\":[{\"@type\":\"SearchAction\",\"target\":{\"@type\":\"EntryPoint\",\"urlTemplate\":\"https:\/\/bestarruza.eu\/?s={search_term_string}\"},\"query-input\":{\"@type\":\"PropertyValueSpecification\",\"valueRequired\":true,\"valueName\":\"search_term_string\"}}],\"inLanguage\":\"gl-ES\"},{\"@type\":\"Organization\",\"@id\":\"https:\/\/bestarruza.eu\/#organization\",\"name\":\"Bestarruza - Apartamentos tur\u00edsticos\",\"url\":\"https:\/\/bestarruza.eu\/\",\"logo\":{\"@type\":\"ImageObject\",\"inLanguage\":\"gl-ES\",\"@id\":\"https:\/\/bestarruza.eu\/#\/schema\/logo\/image\/\",\"url\":\"https:\/\/bestarruza.eu\/wp-content\/uploads\/2023\/04\/Recurso-1.png\",\"contentUrl\":\"https:\/\/bestarruza.eu\/wp-content\/uploads\/2023\/04\/Recurso-1.png\",\"width\":133,\"height\":95,\"caption\":\"Bestarruza - Apartamentos tur\u00edsticos\"},\"image\":{\"@id\":\"https:\/\/bestarruza.eu\/#\/schema\/logo\/image\/\"}}]}<\/script>\n<!-- \/ Yoast SEO plugin. -->","yoast_head_json":{"title":"Localizaci\u00f3n y contacto - Bestarruza - Apartamentos tur\u00edsticos","robots":{"index":"index","follow":"follow","max-snippet":"max-snippet:-1","max-image-preview":"max-image-preview:large","max-video-preview":"max-video-preview:-1"},"canonical":"https:\/\/bestarruza.eu\/gl\/inicio\/contacto\/","og_locale":"gl_ES","og_type":"article","og_title":"Localizaci\u00f3n y contacto - Bestarruza - Apartamentos tur\u00edsticos","og_description":"Estamos a tu disposici\u00f3n Avenida do Mar, 1715620 Mugardos (A Coru\u00f1a) +34 660 025 404info@bestarruza.gal","og_url":"https:\/\/bestarruza.eu\/gl\/inicio\/contacto\/","og_site_name":"Bestarruza - Apartamentos tur\u00edsticos","article_modified_time":"2025-11-05T09:47:29+00:00","twitter_card":"summary_large_image","twitter_misc":{"Tempo de lectura":"1 minuto"},"schema":{"@context":"https:\/\/schema.org","@graph":[{"@type":"WebPage","@id":"https:\/\/bestarruza.eu\/inicio\/contacto\/","url":"https:\/\/bestarruza.eu\/inicio\/contacto\/","name":"Localizaci\u00f3n y contacto - Bestarruza - Apartamentos tur\u00edsticos","isPartOf":{"@id":"https:\/\/bestarruza.eu\/#website"},"datePublished":"2023-02-07T15:42:30+00:00","dateModified":"2025-11-05T09:47:29+00:00","breadcrumb":{"@id":"https:\/\/bestarruza.eu\/inicio\/contacto\/#breadcrumb"},"inLanguage":"gl-ES","potentialAction":[{"@type":"ReadAction","target":["https:\/\/bestarruza.eu\/inicio\/contacto\/"]}]},{"@type":"BreadcrumbList","@id":"https:\/\/bestarruza.eu\/inicio\/contacto\/#breadcrumb","itemListElement":[{"@type":"ListItem","position":1,"name":"Portada","item":"https:\/\/bestarruza.eu\/"},{"@type":"ListItem","position":2,"name":"Inicio","item":"https:\/\/bestarruza.eu\/"},{"@type":"ListItem","position":3,"name":"Localizaci\u00f3n y contacto"}]},{"@type":"WebSite","@id":"https:\/\/bestarruza.eu\/#website","url":"https:\/\/bestarruza.eu\/","name":"Bestarruza - Apartamentos tur\u00edsticos","description":"Apartamentos tur\u00edsticos en Mugardos","publisher":{"@id":"https:\/\/bestarruza.eu\/#organization"},"potentialAction":[{"@type":"SearchAction","target":{"@type":"EntryPoint","urlTemplate":"https:\/\/bestarruza.eu\/?s={search_term_string}"},"query-input":{"@type":"PropertyValueSpecification","valueRequired":true,"valueName":"search_term_string"}}],"inLanguage":"gl-ES"},{"@type":"Organization","@id":"https:\/\/bestarruza.eu\/#organization","name":"Bestarruza - Apartamentos tur\u00edsticos","url":"https:\/\/bestarruza.eu\/","logo":{"@type":"ImageObject","inLanguage":"gl-ES","@id":"https:\/\/bestarruza.eu\/#\/schema\/logo\/image\/","url":"https:\/\/bestarruza.eu\/wp-content\/uploads\/2023\/04\/Recurso-1.png","contentUrl":"https:\/\/bestarruza.eu\/wp-content\/uploads\/2023\/04\/Recurso-1.png","width":133,"height":95,"caption":"Bestarruza - Apartamentos tur\u00edsticos"},"image":{"@id":"https:\/\/bestarruza.eu\/#\/schema\/logo\/image\/"}}]}},"jetpack_sharing_enabled":true,"_links":{"self":[{"href":"https:\/\/bestarruza.eu\/gl\/wp-json\/wp\/v2\/pages\/2","targetHints":{"allow":["GET"]}}],"collection":[{"href":"https:\/\/bestarruza.eu\/gl\/wp-json\/wp\/v2\/pages"}],"about":[{"href":"https:\/\/bestarruza.eu\/gl\/wp-json\/wp\/v2\/types\/page"}],"author":[{"embeddable":true,"href":"https:\/\/bestarruza.eu\/gl\/wp-json\/wp\/v2\/users\/1"}],"replies":[{"embeddable":true,"href":"https:\/\/bestarruza.eu\/gl\/wp-json\/wp\/v2\/comments?post=2"}],"version-history":[{"count":37,"href":"https:\/\/bestarruza.eu\/gl\/wp-json\/wp\/v2\/pages\/2\/revisions"}],"predecessor-version":[{"id":8124,"href":"https:\/\/bestarruza.eu\/gl\/wp-json\/wp\/v2\/pages\/2\/revisions\/8124"}],"up":[{"embeddable":true,"href":"https:\/\/bestarruza.eu\/gl\/wp-json\/wp\/v2\/pages\/10"}],"wp:attachment":[{"href":"https:\/\/bestarruza.eu\/gl\/wp-json\/wp\/v2\/media?parent=2"}],"curies":[{"name":"wp","href":"https:\/\/api.w.org\/{rel}","templated":true}]}}